{"id":8,"date":"2020-09-01T20:39:29","date_gmt":"2020-09-01T18:39:29","guid":{"rendered":"http:\/\/www.news.ewaorlowska.pl\/?page_id=8"},"modified":"2026-02-23T12:56:44","modified_gmt":"2026-02-23T11:56:44","slug":"kontakt","status":"publish","type":"page","link":"https:\/\/ewaorlowska.pl\/index.php\/kontakt\/","title":{"rendered":"Kontakt"},"content":{"rendered":"\r\n<h3><strong>Ewa Or\u0142owska\u00a0<\/strong><\/h3>\r\n<p><img loading=\"lazy\" decoding=\"async\" class=\"size-medium wp-image-395 alignright\" src=\"https:\/\/ewaorlowska.pl\/wp-content\/uploads\/2025\/08\/Ewa-Ora\u0328owska-logo-300x57.png\" alt=\"\" width=\"300\" height=\"57\" srcset=\"https:\/\/ewaorlowska.pl\/wp-content\/uploads\/2025\/08\/Ewa-Ora\u0328owska-logo-300x57.png 300w, https:\/\/ewaorlowska.pl\/wp-content\/uploads\/2025\/08\/Ewa-Ora\u0328owska-logo-1024x196.png 1024w, https:\/\/ewaorlowska.pl\/wp-content\/uploads\/2025\/08\/Ewa-Ora\u0328owska-logo-768x147.png 768w, https:\/\/ewaorlowska.pl\/wp-content\/uploads\/2025\/08\/Ewa-Ora\u0328owska-logo-1536x294.png 1536w, https:\/\/ewaorlowska.pl\/wp-content\/uploads\/2025\/08\/Ewa-Ora\u0328owska-logo-2048x392.png 2048w\" sizes=\"auto, (max-width: 300px) 100vw, 300px\" \/><\/p>\r\n\r\n\r\n\r\n<p>nauczycielka uwa\u017cno\u015bci (mindfulness) i wsp\u00f3\u0142czucia (compassion) certyfikowana przez Mindfulness Association, superwizorka trenerka NVC i mediatorka<\/p>\r\n\r\n\r\n\r\n<p>Zapraszam do rozmowy \ud83d\ude42<\/p>\r\n\r\n\r\n\r\n<p>tel: +48 692 975 616<\/p>\r\n<p><a href=\"mailto:kontakt@ewaorlowska.pl\">kontakt@ewaorlowska.pl<\/a><\/p>\r\n<div\n\t\t\t\n\t\t\tclass=\"so-widget-sow-button so-widget-sow-button-atom-66466acb9e12\"\n\t\t\t\n\t\t><div class=\"ow-button-base ow-button-align-center\"\n>\n\t\t\t<a\n\t\t\t\t\thref=\"https:\/\/forms.gle\/9kPwZ3g7Dt2bqkgi8\"\n\t\t\t\t\tclass=\"sowb-button ow-icon-placement-left ow-button-hover\" \t>\n\t\t<span>\n\t\t\t\n\t\t\tZapisz si\u0119 na konsultacj\u0119\t\t<\/span>\n\t\t\t<\/a>\n\t<\/div>\n<\/div>\r\n<p>&nbsp;<\/p>\r\n<p>&nbsp;<\/p>\r\n<p>&nbsp;<\/p>\r\n\r\n\r\n\r\n<p><img loading=\"lazy\" decoding=\"async\" class=\"alignnone wp-image-458 size-medium\" style=\"width: 150px;\" src=\"https:\/\/ewaorlowska.pl\/wp-content\/uploads\/2026\/02\/Logo-kolor-300x300.webp\" alt=\"\" width=\"300\" height=\"300\" srcset=\"https:\/\/ewaorlowska.pl\/wp-content\/uploads\/2026\/02\/Logo-kolor-300x300.webp 300w, https:\/\/ewaorlowska.pl\/wp-content\/uploads\/2026\/02\/Logo-kolor-150x150.webp 150w, https:\/\/ewaorlowska.pl\/wp-content\/uploads\/2026\/02\/Logo-kolor-768x768.webp 768w, https:\/\/ewaorlowska.pl\/wp-content\/uploads\/2026\/02\/Logo-kolor.webp 1024w\" sizes=\"auto, (max-width: 300px) 100vw, 300px\" \/> <a href=\"https:\/\/www.facebook.com\/CentrumMindfulness\" target=\"_blank\" rel=\"noreferrer noopener\"> facebook Centrum Mindfulness By\u0107 Bardziej <\/a><\/p>\r\n","protected":false},"excerpt":{"rendered":"<p>Ewa Or\u0142owska\u00a0 nauczycielka uwa\u017cno\u015bci (mindfulness) i wsp\u00f3\u0142czucia (compassion) certyfikowana przez Mindfulness Association, superwizorka trenerka NVC i mediatorka Zapraszam do rozmowy \ud83d\ude42 tel: +48 692 975 616 kontakt@ewaorlowska.pl &nbsp; &nbsp; &nbsp; &#8230;<\/p>\n","protected":false},"author":1,"featured_media":0,"parent":0,"menu_order":0,"comment_status":"closed","ping_status":"closed","template":"","meta":{"footnotes":""},"class_list":["post-8","page","type-page","status-publish","hentry"],"_links":{"self":[{"href":"https:\/\/ewaorlowska.pl\/index.php\/wp-json\/wp\/v2\/pages\/8","targetHints":{"allow":["GET"]}}],"collection":[{"href":"https:\/\/ewaorlowska.pl\/index.php\/wp-json\/wp\/v2\/pages"}],"about":[{"href":"https:\/\/ewaorlowska.pl\/index.php\/wp-json\/wp\/v2\/types\/page"}],"author":[{"embeddable":true,"href":"https:\/\/ewaorlowska.pl\/index.php\/wp-json\/wp\/v2\/users\/1"}],"replies":[{"embeddable":true,"href":"https:\/\/ewaorlowska.pl\/index.php\/wp-json\/wp\/v2\/comments?post=8"}],"version-history":[{"count":10,"href":"https:\/\/ewaorlowska.pl\/index.php\/wp-json\/wp\/v2\/pages\/8\/revisions"}],"predecessor-version":[{"id":462,"href":"https:\/\/ewaorlowska.pl\/index.php\/wp-json\/wp\/v2\/pages\/8\/revisions\/462"}],"wp:attachment":[{"href":"https:\/\/ewaorlowska.pl\/index.php\/wp-json\/wp\/v2\/media?parent=8"}],"curies":[{"name":"wp","href":"https:\/\/api.w.org\/{rel}","templated":true}]}}