{"id":39,"date":"2020-09-03T10:29:33","date_gmt":"2020-09-03T08:29:33","guid":{"rendered":"http:\/\/www.news.ewaorlowska.pl\/?page_id=39"},"modified":"2025-09-23T11:16:00","modified_gmt":"2025-09-23T09:16:00","slug":"mindfulness","status":"publish","type":"page","link":"https:\/\/ewaorlowska.pl\/index.php\/mindfulness\/","title":{"rendered":"Mindfulness"},"content":{"rendered":"\r\n<blockquote class=\"wp-block-quote is-layout-flow wp-block-quote-is-layout-flow\">\r\n<p>\u00a0 \u00a0 \u00a0 \u00a0 \u00a0 \u00a0 \u00a0 \u00a0 \u00a0 \u00a0 \u00a0 \u00a0 \u00a0 \u00a0 \u00a0 \u00a0 \u00a0 \u00a0 \u00a0Ka\u017cdy z nas zna stres, ale tylko trening pozwala zmieni\u0107 uciekanie przed nim w zaanga\u017cowane \u017cycie pe\u0142ni\u0105 mo\u017cliwo\u015bci. <img loading=\"lazy\" decoding=\"async\" class=\"wp-image-415 alignleft\" src=\"https:\/\/ewaorlowska.pl\/wp-content\/uploads\/2025\/08\/Ewa-studio77-1-scaled-e1754845740958-231x300.jpg\" alt=\"\" width=\"102\" height=\"133\" srcset=\"https:\/\/ewaorlowska.pl\/wp-content\/uploads\/2025\/08\/Ewa-studio77-1-scaled-e1754845740958-231x300.jpg 231w, https:\/\/ewaorlowska.pl\/wp-content\/uploads\/2025\/08\/Ewa-studio77-1-scaled-e1754845740958-788x1024.jpg 788w, https:\/\/ewaorlowska.pl\/wp-content\/uploads\/2025\/08\/Ewa-studio77-1-scaled-e1754845740958-768x998.jpg 768w, https:\/\/ewaorlowska.pl\/wp-content\/uploads\/2025\/08\/Ewa-studio77-1-scaled-e1754845740958-1183x1536.jpg 1183w, https:\/\/ewaorlowska.pl\/wp-content\/uploads\/2025\/08\/Ewa-studio77-1-scaled-e1754845740958-1577x2048.jpg 1577w, https:\/\/ewaorlowska.pl\/wp-content\/uploads\/2025\/08\/Ewa-studio77-1-scaled-e1754845740958.jpg 1586w\" sizes=\"auto, (max-width: 102px) 100vw, 102px\" \/><\/p>\r\n<cite><strong>Ewa Or\u0142owska<\/strong><\/cite><\/blockquote>\r\n\r\n\r\n\r\n<h3 class=\"wp-block-heading\"><img loading=\"lazy\" decoding=\"async\" class=\"alignnone wp-image-412 size-medium\" style=\"width: 100px;\" src=\"https:\/\/ewaorlowska.pl\/wp-content\/uploads\/2025\/08\/dekoracja-300x300.png\" alt=\"\" width=\"300\" height=\"300\" srcset=\"https:\/\/ewaorlowska.pl\/wp-content\/uploads\/2025\/08\/dekoracja-300x300.png 300w, https:\/\/ewaorlowska.pl\/wp-content\/uploads\/2025\/08\/dekoracja.png 1024w, https:\/\/ewaorlowska.pl\/wp-content\/uploads\/2025\/08\/dekoracja-150x150.png 150w, https:\/\/ewaorlowska.pl\/wp-content\/uploads\/2025\/08\/dekoracja-768x768.png 768w\" sizes=\"auto, (max-width: 300px) 100vw, 300px\" \/>Dlaczego mindfulness?<\/h3>\r\n\r\n\r\n\r\n<p>\u017byjemy cz\u0119sto w\u00a0po\u015bpiechu, odczuwamy presj\u0119 w\u00a0pracy i\u00a0w domu, coraz rzadziej mo\u017cemy si\u0119 odpr\u0119\u017cy\u0107, poczu\u0107 spok\u00f3j i\u00a0szcz\u0119\u015bcie. Bezustannie zaj\u0119ci, zm\u0119czeni, cz\u0119sto zestresowani. Tempo \u017cycia sprawia, \u017ce \u017cyjemy w\u00a0oderwaniu od tego co dzieje si\u0119 TERAZ, martwimy si\u0119 tym co b\u0119dzie albo gryziemy tym, co za nami.<\/p>\r\n\r\n\r\n\r\n<p>R\u00f3wnocze\u015bnie badania nad m\u00f3zgiem pokazuj\u0105, \u017ce gdy od\u0142\u0105czamy si\u0119 od chwili bie\u017c\u0105cej i\u00a0swojego centrum, narasta w\u00a0nas cierpienie i\u00a0niepok\u00f3j. Zbadano tak\u017ce, \u017ce koncentracja uwagi na tym, co dzieje si\u0119 w\u00a0bie\u017c\u0105cej chwili i\u00a0zawieszenie warto\u015bciowania naszych do\u015bwiadcze\u0144, uruchamia nasze naturalne mechanizmy dostrojenia i\u00a0samoregulacji organizmu, co wyra\u017anie polepsza samopoczucie. Zaczynamy by\u0107 szcz\u0119\u015bliwi, gdy cho\u0107by ma\u0142\u0105 cz\u0119\u015b\u0107 dnia prze\u017cywamy \u015bwiadomie. Przyjemne do\u015bwiadczenie przebudzenia ro\u015bnie w\u00a0miar\u0119 treningu \u015bwiadomego bycia.<\/p>\r\n\r\n\r\n\r\n<p>R\u00f3\u017cnorodne badania pokazuj\u0105, \u017ce nawet 10 minut praktyki uwa\u017cno\u015bci dziennie ma pozytywny wp\u0142yw na zdrowie i\u00a0nastr\u00f3j. Praktyka pozwala zmniejszy\u0107 stres i\u00a0niepok\u00f3j, poprawia koncentracj\u0119 i\u00a0uwag\u0119, wzmacnia dobre samopoczucie, aktywizuje prac\u0119 m\u00f3zgu, uczy lepiej radzi\u0107 sobie z\u00a0chronicznym b\u00f3lem i\u00a0radzi\u0107 sobie z\u00a0tym, co niespodziewane. Praktyka uwa\u017cno\u015bci zapobiega depresji, sprawia \u017ce jeste\u015bmy w\u00a0lepszym kontakcie ze sob\u0105 i\u00a0innymi, poprawiaj\u0105 si\u0119 nasze relacje i\u00a0mniej chorujemy.\u00a0Ka\u017cda osoba praktykuj\u0105ca mindfulness mo\u017ce odczu\u0107 korzy\u015bci praktyki.<\/p>\r\n\r\n\r\n\r\n<h3 class=\"wp-block-heading\"><img loading=\"lazy\" decoding=\"async\" class=\"alignnone wp-image-412 size-medium\" style=\"width: 100px;\" src=\"https:\/\/ewaorlowska.pl\/wp-content\/uploads\/2025\/08\/dekoracja-300x300.png\" alt=\"\" width=\"300\" height=\"300\" srcset=\"https:\/\/ewaorlowska.pl\/wp-content\/uploads\/2025\/08\/dekoracja-300x300.png 300w, https:\/\/ewaorlowska.pl\/wp-content\/uploads\/2025\/08\/dekoracja.png 1024w, https:\/\/ewaorlowska.pl\/wp-content\/uploads\/2025\/08\/dekoracja-150x150.png 150w, https:\/\/ewaorlowska.pl\/wp-content\/uploads\/2025\/08\/dekoracja-768x768.png 768w\" sizes=\"auto, (max-width: 300px) 100vw, 300px\" \/>Czym jest mindfulness?<\/h3>\r\n\r\n\r\n\r\n<p>Mindfulness \u00a0to<strong> \u015bwiadome skupienie uwagi na do\u015bwiadczeniu bie\u017c\u0105cej chwili z\u00a0otwarto\u015bci\u0105 i\u00a0bez oceniania.<\/strong><\/p>\r\n\r\n\r\n\r\n<p><br \/>Na mindfulness sk\u0142adaj\u0105 si\u0119 dwa r\u00f3wnowa\u017cne komponenty. Jest to skupianie uwagi na bie\u017c\u0105cym do\u015bwiadczeniu (sygna\u0142ach p\u0142yn\u0105cych z\u00a0cia\u0142a, emocjach i\u00a0my\u015blach) oraz zachowanie postawy akceptacji, zaciekawienia i\u00a0otwarto\u015bci wobec wszystkiego, czego do\u015bwiadczamy w\u00a0umy\u015ble.\u00a0<\/p>\r\n\r\n\r\n\r\n<p>Mindfulness dostarcza nam konkretne techniki powracania do bie\u017c\u0105cej chwili. <br \/>Dzi\u0119ki nim mo\u017cemy wydosta\u0107 si\u0119 z\u00a0niekorzystnych schemat\u00f3w, przerwa\u0107 ruminacj\u0119 \u015bwiadomie przesuwaj\u0105c uwag\u0119 za zas\u0142on\u0119 nawykowych my\u015bli i\u00a0odzyska\u0107 bie\u017c\u0105cy moment. Badania naukowe ostatnich lat pokazuj\u0105, \u017ce praktyka mindfulness mo\u017ce by\u0107 niezwykle pomocna w\u00a0poprawie jako\u015bci \u017cycia .<\/p>\r\n\r\n\r\n\r\n<p>Okre\u015blenie mindfulness \u00a0wywodzi si\u0119 z\u00a0praktyki medytacyjnej Wschodu i\u00a0jest t\u0142umaczeniem terminu palijskiego\u00a0<em>sati<\/em>. Mindfulness sta\u0142 si\u0119 popularny na Zachodzie w\u00a0ko\u0144cu lat siedemdziesi\u0105tych za spraw\u0105 bada\u0144 nad stresem prowadzonych przez prof. Jon Kabat-Zinna \u00a0w University of Massachusetts Medical School. Efektem bada\u0144 by\u0142o stworzenie 8 tygodniowego programu redukcji stresu, znanego dzi\u015b na ca\u0142ym \u015bwiecie pod nazw\u0105 Mindfulness Based Stress Reduction (MBSR).<\/p>\r\n\r\n\r\n\r\n<p>Wi\u0119cej informacji znajdziesz poni\u017cej pod has\u0142em Program MBSR<br \/>Od roku 1979 liczne badania kliniczne udokumentowa\u0142y, \u017ce praktyka mindfulness, a\u00a0w szczeg\u00f3lno\u015bci program MBSR przynosi pozytywne efekty dla zdrowia fizycznego i\u00a0psychicznego mimo tego, \u017ce nie leczy schorze\u0144.<\/p>\r\n\r\n\r\n\r\n<h3 class=\"wp-block-heading\"><img loading=\"lazy\" decoding=\"async\" class=\"alignnone wp-image-412 size-medium\" style=\"width: 100px;\" src=\"https:\/\/ewaorlowska.pl\/wp-content\/uploads\/2025\/08\/dekoracja-300x300.png\" alt=\"\" width=\"300\" height=\"300\" srcset=\"https:\/\/ewaorlowska.pl\/wp-content\/uploads\/2025\/08\/dekoracja-300x300.png 300w, https:\/\/ewaorlowska.pl\/wp-content\/uploads\/2025\/08\/dekoracja.png 1024w, https:\/\/ewaorlowska.pl\/wp-content\/uploads\/2025\/08\/dekoracja-150x150.png 150w, https:\/\/ewaorlowska.pl\/wp-content\/uploads\/2025\/08\/dekoracja-768x768.png 768w\" sizes=\"auto, (max-width: 300px) 100vw, 300px\" \/>Dla kogo jest mindfulness?<\/h3>\r\n\r\n\r\n\r\n<p class=\"has-text-align-left\">Mindfulness i\u00a0program MBSR zyska\u0142y przez 30 lat szerokie zainteresowanie w\u00a0r\u00f3\u017cnych kr\u0119gach.<\/p>\r\n\r\n\r\n\r\n<p class=\"has-text-align-left\">Podej\u015bcie zyska\u0142o zainteresowanie os\u00f3b prywatnych, medycyny, edukacji a\u00a0tak\u017ce biznesu.<\/p>\r\n\r\n\r\n\r\n<p class=\"has-text-align-left\">W\u015br\u00f3d firm, kt\u00f3re wprowadzi\u0142y trening mindfulness s\u0105 tak znane jak: Apple, Carlsberg, Deutsche Bank, eBay, Google, Procter &amp; Gamble, Starbucks, Yahoo czy US Marines. Zainteresowanie uwa\u017cno\u015bci\u0105 stale ro\u015bnie.<\/p>\r\n\r\n\r\n\r\n<p>Badania uniwersytetu w\u00a0Cambridge nad mindfulness w\u00a0organizacjach potwierdzi\u0142y zar\u00f3wno znaczn\u0105 popraw\u0119 w\u00a0obszarach \u00a0wynik\u00f3w pracy, koncentracji uwagi, r\u00f3wnowagi emocjonalnej jak i\u00a0\u00a0zaanga\u017cowania w\u00a0organizacj\u0119 i\u00a0r\u00f3wnowag\u0119 emocjonaln\u0105 pracownik\u00f3w. Niekt\u00f3re korporacje zaczynaj\u0105 udost\u0119pnia\u0107 pracownikom pomieszczenia do medytacji. Coraz wi\u0119cej firm stosuje trening mindfulness uznaj\u0105c, \u017ce wzmacnia kultur\u0119 empatii i\u00a0poczucie sensu w\u00a0\u015brodowisku pracy.<\/p>\r\n\r\n\r\n\r\n<p>W USA kongresmen Partii Demokratycznej Tim Ryan pom\u00f3g\u0142 zorganizowa\u0107 regularn\u0105 grup\u0119 medytacyjn\u0105 w\u00a0siedzibie kongresu w\u00a0Waszyngtonie. W Wielkiej Brytanii grupa parlamentarzyst\u00f3w w\u00a0dokumencie Mindful Nation\u00a0zarekomendowa\u0142a stosowanie uwa\u017cno\u015bci w\u00a0programach dla edukacji, s\u0142u\u017cby zdrowia, s\u0105downictwie i\u00a0biznesie.Ro\u015bnie liczba szk\u00f3\u0142, gdzie nauczyciele i\u00a0uczniowie codziennie po\u015bwi\u0119caj\u0105 kilka minut na \u0107wiczenie mindfulness.<br \/><a href=\"http:\/\/www.ewaorlowska.pl\/dla-firm.html\">Tu mo\u017cesz przeczyta\u0107<\/a>\u00a0wi\u0119cej o\u00a0brytyjskim projekcie\u00a0<strong>Mindfulnes\u00a0 w\u00a0szkole.b<\/strong>\u00a0po polsku , a\u00a0<a href=\"https:\/\/mindfulnessinschools.org\/\">tu wi\u0119cej informacji<\/a>\u00a0po angielsku. <br \/>Program jest wprowadzamy aktualnie w\u00a0Polsce. Programy wykorzystuj\u0105ce mindfulness prowadzone s\u0105 tak\u017ce w\u00a0wi\u0119zieniach, dla wyczynowych sportowc\u00f3w, dla ludzi chorych na raka czy dla senior\u00f3w.<\/p>\r\n\r\n\r\n\r\n<p>Znane jest ponad 2 000 r\u00f3\u017cnych bada\u0144, kt\u00f3re wykazuj\u0105, \u017ce trening mindfulness przynosi pozytywne efekty w\u00a0obszarze zdrowia i\u00a0przeciwdzia\u0142aniu wypaleniu. Tak\u017ce w\u00a0psychologii klinicznej powsta\u0142o kilka sposob\u00f3w stosowania mindfulness w\u00a0terapii, najszerzej stosowany jest program zapobiegania nawrotom depresji (MBCT).<\/p>\r\n\r\n\r\n\r\n<p>Na stronie <a href=\"http:\/\/www.mindfulexperience.org\" target=\"_blank\" rel=\"noreferrer noopener\" data-type=\"URL\" data-id=\"www.mindfulexperience.org\">www.mindfulexperience.org<\/a> znajdziesz raporty z\u00a0bada\u0144 nad mindfulness.<\/p>\r\n\r\n\r\n\r\n<p>&nbsp;<\/p>\r\n\r\n\r\n\r\n<h3 class=\"wp-block-heading\"><img loading=\"lazy\" decoding=\"async\" class=\"alignnone wp-image-412 size-medium\" style=\"width: 100px;\" src=\"https:\/\/ewaorlowska.pl\/wp-content\/uploads\/2025\/08\/dekoracja-300x300.png\" alt=\"\" width=\"300\" height=\"300\" srcset=\"https:\/\/ewaorlowska.pl\/wp-content\/uploads\/2025\/08\/dekoracja-300x300.png 300w, https:\/\/ewaorlowska.pl\/wp-content\/uploads\/2025\/08\/dekoracja.png 1024w, https:\/\/ewaorlowska.pl\/wp-content\/uploads\/2025\/08\/dekoracja-150x150.png 150w, https:\/\/ewaorlowska.pl\/wp-content\/uploads\/2025\/08\/dekoracja-768x768.png 768w\" sizes=\"auto, (max-width: 300px) 100vw, 300px\" \/>Program MBSR (Mindfulness Based Stress Reduction)<\/h3>\r\n<h3>\r\n\r\n<\/h3>\r\n<p>MBSR stworzony przez profesora Jon Kabat-Zinna by\u0142 pierwotnie skierowany do os\u00f3b cierpi\u0105cych z\u00a0powodu b\u00f3lu. Badania potwierdzi\u0142y jego skuteczno\u015b\u0107 w\u00a0pracy z\u00a0osobami podlegaj\u0105cymi r\u00f3\u017cnym formom stresu.<\/p>\r\n<h3>\r\n\r\n<\/h3>\r\n<p>Program MBSR jest przydatny, gdy mamy poczucie rozregulowania lub chorujemy. MBSR daje efekty, gdy czujemy si\u0119 przyt\u0142oczeni, zm\u0119czeni obowi\u0105zkami, gdy powstaj\u0105 problemy psychosomatyczne, l\u0119ki, stany depresyjne, problemy z\u00a0od\u017cywianiem, koncentracj\u0105 czy snem. Praktyka mindfulness ma tak\u017ce dzia\u0142anie prewencyjne, wzmacnia odporno\u015b\u0107 na stres i\u00a0ciosy, jakie niesie \u017cycie. Program jest przydatny dla os\u00f3b: \u00a0<\/p>\r\n<h3>\r\n\r\n<\/h3>\r\n<ul class=\"wp-block-list\">\r\n<li>cierpi\u0105cych w\u00a0zwi\u0105zku z\u00a0chorob\u0105, strat\u0105 bliskiej osoby, trudno\u015bciami w\u00a0pracy, relacji mi\u0142osnej lub w\u00a0rodzinie<\/li>\r\n<li>odczuwaj\u0105cych chroniczne b\u00f3le, bezsenno\u015b\u0107<\/li>\r\n<li>szukaj\u0105cych uzupe\u0142nienia i\u00a0wsparcia w\u00a0trakcie psychoterapii lub terapii lekami<\/li>\r\n<li>chc\u0105cych \u017cy\u0107 bardziej \u015bwiadomie i\u00a0poszukaj\u0105cych metody pog\u0142\u0119bienia kontaktu ze sob\u0105, wzmocnienia umiej\u0119tno\u015bci samoobserwacji i\u00a0kierowania swoim \u017cyciem<\/li>\r\n<\/ul>\r\n<h3>\r\n\r\n<\/h3>\r\n<p>Podczas 8 tygodni trwania programu uczestnicy spotykaj\u0105 si\u0119 raz w\u00a0tygodniu na sesj\u0119 grupow\u0105 i\u00a0codziennie \u0107wicz\u0105 r\u00f3\u017cne techniki MBSR w\u00a0domu. Wykonuj\u0105 \u0107wiczenia rozlu\u017aniaj\u0105ce oraz uwa\u017cnej obserwacji, \u015bwiadomo\u015bci cia\u0142a, \u0107wiczenia uwa\u017cnego ruchu i\u00a0r\u00f3\u017cnego rodzaju medytacje. Wszystkie techniki maj\u0105 na celu \u0107wiczenie utrzymywania \u201cchwila po chwili nie os\u0105dzaj\u0105cej \u015bwiadomo\u015bci\u201d (J. Kabat-Zinn). Cho\u0107 metody pracy stosowane w\u00a0programie maj\u0105 swoje korzenie w\u00a0technikach duchowych, to program MBSR jest w\u00a0zupe\u0142no\u015bci \u015bwiecki, nie wymaga wst\u0119pnego przygotowania. Dla jako\u015bci zaj\u0119\u0107 niezmiernie istotne jest, aby program prowadzony by\u0142 przez certyfikowanych nauczycieli MBSR.<\/p>\r\n<h3>\r\n\r\n<\/h3>\r\n<p>Sprawd\u017a najbli\u017csze szkolenia.<\/p>\r\n<h3>\r\n\r\n<\/h3>\r\n<p><a href=\"http:\/\/www.umassmed.edu\/cfm\/Research\/MBSR-Research\/\" target=\"_blank\" rel=\"noreferrer noopener\">Przeczytaj wybrane opisy bada\u0144 nad mindfulness i\u00a0MBSR.<\/a><\/p>\r\n<p>&nbsp;<\/p>\r\n\r\n\r\n\r\n<p>&nbsp;<\/p>\r\n\r\n\r\n\r\n<h3 class=\"wp-block-heading\"><img loading=\"lazy\" decoding=\"async\" class=\"alignnone wp-image-412 size-medium\" style=\"width: 100px;\" src=\"https:\/\/ewaorlowska.pl\/wp-content\/uploads\/2025\/08\/dekoracja-300x300.png\" alt=\"\" width=\"300\" height=\"300\" srcset=\"https:\/\/ewaorlowska.pl\/wp-content\/uploads\/2025\/08\/dekoracja-300x300.png 300w, https:\/\/ewaorlowska.pl\/wp-content\/uploads\/2025\/08\/dekoracja.png 1024w, https:\/\/ewaorlowska.pl\/wp-content\/uploads\/2025\/08\/dekoracja-150x150.png 150w, https:\/\/ewaorlowska.pl\/wp-content\/uploads\/2025\/08\/dekoracja-768x768.png 768w\" sizes=\"auto, (max-width: 300px) 100vw, 300px\" \/>Program MBLC (Mindfulness Based Living Course)<\/h3>\r\n<h3>\r\n\r\n<\/h3>\r\n<p>Mindfulness Based Living Course (\u017bycie w\u00a0oparciu o\u00a0zasady Mindfulness) to cykl cotygodniowych spotka\u0144 szkoleniowych w\u00a0ramach treningu uwa\u017cno\u015bci w\u00a0oparciu o\u00a0program Rocznego Szkolenia Mindfulness wg Mindfulness Association. Kurs obejmuje osiem tygodni i\u00a0sk\u0142ada si\u0119 na niego osiem spotka\u0144, kt\u00f3re zwykle trwaj\u0105 oko\u0142o dw\u00f3ch godzin oraz jeden dzie\u0144 praktyki od godz. 10 &#8211; 16. Kurs poprzedza spotkanie wprowadzaj\u0105ce przed rozpocz\u0119ciem kursu i\u00a0zamyka spotkanie podsumowuj\u0105ce po o\u015bmiu tygodniach.<\/p>\r\n<h3>\r\n\r\n<\/h3>\r\n<p>Termin mindfulness odnosi si\u0119 zar\u00f3wno do praktyki jak i\u00a0podej\u015bcia, kt\u00f3re polega na byciu ca\u0142kowicie obecnym wobec do\u015bwiadczenia p\u0142yn\u0105cego zar\u00f3wno z\u00a0zewn\u0105trz jak z\u00a0wewn\u0105trz (w\u0142asne my\u015bli, uczucia, wra\u017cenia) w\u00a0ka\u017cdej chwili. Chodzi o\u00a0jako\u015b\u0107 bycia z\u00a0pojawiaj\u0105cymi si\u0119 zjawiskami niezale\u017cnie od tego jaki s\u0105. W ramach treningu mindfulness pracujemy z\u00a0cia\u0142em, emocjami oraz my\u015blami, trenujemy stabilizacj\u0119 uwagi, pog\u0142\u0119biamy wgl\u0105d w\u00a0procesy dzia\u0142ania umys\u0142u i\u00a0uczymy si\u0119 porzuca\u0107 niekorzystne nawyki. \u00a0Mindfulness to podej\u015bcie i\u00a0techniki rozwijaj\u0105ce \u015bwiadomo\u015b\u0107 cia\u0142a oraz emocji i\u00a0tre\u015bci pojawiaj\u0105cych si\u0119 w\u00a0\u015bwiadomo\u015bci.<br \/>Podstaw\u0105 treningu jest utrzymywanie postawy otwartej, bez oceniania reakcji na poziomie cia\u0142a, my\u015bli czy uczu\u0107. \u00a0Celem treningu nie jest osi\u0105gni\u0119cie relaksacji albo poczucia szcz\u0119\u015bcia, lecz \u00a0raczej wolno\u015b\u0107 od tendencji do powtarzania automatycznych\u00a0 reakcji na my\u015bli, uczucia i\u00a0wydarzenia.<br \/>Trening uwa\u017cno\u015bci nie jest ani form\u0105 psychoterapii ani treningiem relaksacyjnym, chocia\u017c mo\u017ce po cz\u0119\u015bci spe\u0142nia\u0107 obie te funkcje.<\/p>\r\n<h3>\r\n\r\n<\/h3>\r\n<p>Przeprowadzono wiele bada\u0144 naukowych potwierdzaj\u0105cych dobroczynne skutki, jakie praktyka uwa\u017cno\u015bci przynosi naszemu umys\u0142owi, samopoczuciu, emocjom i\u00a0zdrowiu:<br \/>\u2013 obni\u017cenie poziomu l\u0119ku, niepokoju, stresu, wyczerpania i\u00a0poirytowania<br \/>\u2013 podwy\u017cszenie odporno\u015bci psychicznej i\u00a0fizycznej<br \/>\u2013 rozw\u00f3j inteligencji emocjonalnej<br \/>\u2013 zmniejszenie podatno\u015bci na depresj\u0119<br \/>\u2013 usprawnienie proces\u00f3w zapami\u0119tywania i\u00a0uczenia si\u0119<br \/>\u2013 zwi\u0119kszenie umiej\u0119tno\u015bci koncentracji<br \/>\u2013 redukcja chronicznego b\u00f3lu przez zmniejszenie poziomu odczuwania b\u00f3lu fizycznego<br \/>\u2013 poprawa nastroju i\u00a0jako\u015bci \u017cycia w\u00a0stanach chronicznego b\u00f3lu<br \/>\u2013 zmniejszenie poziomu hormon\u00f3w stresu we krwi<br \/>\u2013 zmniejszenie ci\u015bnienia krwi i\u00a0obni\u017cenie ryzyka pojawienia si\u0119 nadci\u015bnienia<\/p>\r\n<h3>\r\n\r\n<\/h3>\r\n<p>Tak jak mo\u017cemy \u0107wiczy\u0107 mi\u0119\u015bnie cia\u0142a, tak te\u017c mo\u017cemy \u0107wiczy\u0107 sw\u00f3j umys\u0142, co powoduje zmiany w\u00a0strukturach i\u00a0aktywno\u015bci naszego m\u00f3zgu- neuroplastyczno\u015b\u0107 m\u00f3zgu.<\/p>\r\n<h3>\r\n\r\n<\/h3>\r\n<p><strong><a href=\"https:\/\/ewaorlowska.pl\/index.php\/2020\/09\/03\/jesienny-kurs-uwaznosci-mblc-mindfulness-based-living-course\/\">Kursy w najbli\u017cszym czasie<\/a><\/strong><\/p>\r\n","protected":false},"excerpt":{"rendered":"<p>\u00a0 \u00a0 \u00a0 \u00a0 \u00a0 \u00a0 \u00a0 \u00a0 \u00a0 \u00a0 \u00a0 \u00a0 \u00a0 \u00a0 \u00a0 \u00a0 \u00a0 \u00a0 \u00a0Ka\u017cdy z nas zna stres, ale tylko trening pozwala zmieni\u0107 uciekanie przed &#8230;<\/p>\n","protected":false},"author":1,"featured_media":0,"parent":0,"menu_order":0,"comment_status":"closed","ping_status":"closed","template":"","meta":{"footnotes":""},"class_list":["post-39","page","type-page","status-publish","hentry"],"_links":{"self":[{"href":"https:\/\/ewaorlowska.pl\/index.php\/wp-json\/wp\/v2\/pages\/39","targetHints":{"allow":["GET"]}}],"collection":[{"href":"https:\/\/ewaorlowska.pl\/index.php\/wp-json\/wp\/v2\/pages"}],"about":[{"href":"https:\/\/ewaorlowska.pl\/index.php\/wp-json\/wp\/v2\/types\/page"}],"author":[{"embeddable":true,"href":"https:\/\/ewaorlowska.pl\/index.php\/wp-json\/wp\/v2\/users\/1"}],"replies":[{"embeddable":true,"href":"https:\/\/ewaorlowska.pl\/index.php\/wp-json\/wp\/v2\/comments?post=39"}],"version-history":[{"count":20,"href":"https:\/\/ewaorlowska.pl\/index.php\/wp-json\/wp\/v2\/pages\/39\/revisions"}],"predecessor-version":[{"id":454,"href":"https:\/\/ewaorlowska.pl\/index.php\/wp-json\/wp\/v2\/pages\/39\/revisions\/454"}],"wp:attachment":[{"href":"https:\/\/ewaorlowska.pl\/index.php\/wp-json\/wp\/v2\/media?parent=39"}],"curies":[{"name":"wp","href":"https:\/\/api.w.org\/{rel}","templated":true}]}}